{"id":1652,"date":"2025-04-08T11:31:39","date_gmt":"2025-04-08T08:31:39","guid":{"rendered":"https:\/\/traser.ro\/produs\/p59-aurora-gmt-albastru-2\/"},"modified":"2025-04-11T23:06:45","modified_gmt":"2025-04-11T20:06:45","slug":"p59-aurora-gmt-albastru-2","status":"publish","type":"product","link":"https:\/\/www.traser.ro\/en\/product\/p59-aurora-gmt-blue-2\/","title":{"rendered":"P59 Aurora GMT Blue"},"content":{"rendered":"<p>During the day, the P59 Classic models captivate with their understated elegance. At night, the collection reveals its hidden beauty once the unique trigalight technology comes into play. Then a magical phenomenon begins, transforming the luminous time display into a starry sky. Its classic and refined design, suitable for any occasion, makes this watch an indispensable travel companion.<\/p>","protected":false},"excerpt":{"rendered":"<p>\u00cen timpul zilei, modelele P59 Classic cuceresc prin elegan\u021ba lor discret\u0103. Noaptea, colec\u021bia \u00ee\u0219i dezv\u0103luie frumuse\u021bea ascuns\u0103, odat\u0103 ce intr\u0103 \u00een joc tehnologia unic\u0103 trigalight. Atunci \u00eencepe un fenomen magic, transform\u00e2nd afi\u0219ajul luminos al orei \u00eentr-un adev\u0103rat cer \u00eenstelat. Designul s\u0103u clasic \u0219i rafinat, potrivit pentru orice ocazie, face din acest ceas un companion de [&hellip;]<\/p>","protected":false},"featured_media":850,"comment_status":"open","ping_status":"open","template":"","meta":[],"product_brand":[24],"product_cat":[88,135],"product_tag":[124],"class_list":{"0":"post-1652","1":"product","2":"type-product","3":"status-publish","4":"has-post-thumbnail","6":"product_brand-traser","7":"product_cat-ceasuri-outdoor","8":"product_cat-p59-classic","9":"product_tag-p59classic","10":"pa_alimentare-baterie","11":"pa_cadran-albastru-inchis-cu-degrade","12":"pa_carcasa-otel","13":"pa_curea-piele","14":"pa_etansare-sticla-sigiliu-luminos","15":"pa_iluminare-cadran-trigalight-si-super-luminova","16":"pa_marime-cadran-o-42-mm","17":"pa_material-capac-spate-otel-inoxidabil","18":"pa_material-carcasa-otel-inoxidabil","19":"pa_material-curea-piele-vitel","20":"pa_mecanism-cuart-elvetian-gmt","21":"pa_origine-mecanism-elvetia","22":"pa_producator-baterie-renata","23":"pa_producator-mecanism-ronda","24":"pa_rezistenta-la-apa-10-atm-10-bar","25":"pa_sticla-safir-antireflex","26":"pa_tip-afisaj-mecanic","28":"first","29":"in_stock_supplier","30":"taxable","31":"shipping-taxable","32":"purchasable","33":"product-type-simple"},"_links":{"self":[{"href":"https:\/\/www.traser.ro\/en\/wp-json\/wp\/v2\/product\/1652","targetHints":{"allow":["GET"]}}],"collection":[{"href":"https:\/\/www.traser.ro\/en\/wp-json\/wp\/v2\/product"}],"about":[{"href":"https:\/\/www.traser.ro\/en\/wp-json\/wp\/v2\/types\/product"}],"replies":[{"embeddable":true,"href":"https:\/\/www.traser.ro\/en\/wp-json\/wp\/v2\/comments?post=1652"}],"wp:featuredmedia":[{"embeddable":true,"href":"https:\/\/www.traser.ro\/en\/wp-json\/wp\/v2\/media\/850"}],"wp:attachment":[{"href":"https:\/\/www.traser.ro\/en\/wp-json\/wp\/v2\/media?parent=1652"}],"wp:term":[{"taxonomy":"product_brand","embeddable":true,"href":"https:\/\/www.traser.ro\/en\/wp-json\/wp\/v2\/product_brand?post=1652"},{"taxonomy":"product_cat","embeddable":true,"href":"https:\/\/www.traser.ro\/en\/wp-json\/wp\/v2\/product_cat?post=1652"},{"taxonomy":"product_tag","embeddable":true,"href":"https:\/\/www.traser.ro\/en\/wp-json\/wp\/v2\/product_tag?post=1652"}],"curies":[{"name":"wp","href":"https:\/\/api.w.org\/{rel}","templated":true}]}}