{"id":1575,"date":"2025-04-08T11:30:38","date_gmt":"2025-04-08T08:30:38","guid":{"rendered":"https:\/\/traser.ro\/produs\/p96-odp-evolution-petrol\/"},"modified":"2025-04-11T23:07:05","modified_gmt":"2025-04-11T20:07:05","slug":"p96-odp-evolution-petrol","status":"publish","type":"product","link":"https:\/\/www.traser.ro\/en\/product\/p96-odp-evolution-petrol\/","title":{"rendered":"P96 OdP Evolution Petrol"},"content":{"rendered":"<p>This watch is the ideal companion for adventure seekers; it is unconditionally functional and stands out with an eye-catching design! Pioneer's P96 Outdoor models combine everything an adventurer or outdoor enthusiast could need in any situation. The trigalight autonomous lighting technology guarantees perfect time readability, even at night or in low visibility conditions.<\/p>","protected":false},"excerpt":{"rendered":"<p>Acest ceas este \u00eenso\u021bitorul ideal pentru cei \u00een c\u0103utare de aventur\u0103; este necondi\u021bionat func\u021bional \u0219i se remarc\u0103 printr-un design atr\u0103g\u0103tor! Modelele P96 Outdoor Pioneer \u00eembin\u0103 tot ceea ce un aventurier sau pasionat de activit\u0103\u021bi \u00een aer liber poate avea nevoie \u00een orice situa\u021bie. Tehnologia de iluminare autonom\u0103 trigalight garanteaz\u0103 lizibilitate perfect\u0103 a timpului, chiar \u0219i [&hellip;]<\/p>","protected":false},"featured_media":539,"comment_status":"open","ping_status":"open","template":"","meta":[],"product_brand":[24],"product_cat":[88,98],"product_tag":[99],"class_list":{"0":"post-1575","1":"product","2":"type-product","3":"status-publish","4":"has-post-thumbnail","6":"product_brand-traser","7":"product_cat-ceasuri-outdoor","8":"product_cat-p96-outdoor-pioneer","9":"product_tag-p96outdoorpioneer","10":"pa_alimentare-baterie","11":"pa_cadran-benzina","12":"pa_carcasa-polimer-armat-cu-fibra-de-carbon","13":"pa_curea-nato","14":"pa_iluminare-cadran-trigalight-si-super-luminova","15":"pa_latime-curea-22-mm","16":"pa_marime-cadran-o-44-mm","17":"pa_material-capac-spate-materiale-plastice","18":"pa_material-carcasa-materiale-plastice","19":"pa_material-curea-textile","20":"pa_mecanism-cuart-fabricat-in-elvetia","21":"pa_origine-mecanism-elvetia","22":"pa_producator-baterie-renata","23":"pa_producator-mecanism-ronda","24":"pa_rama-rotatie-unidirectionala-polimer-armat-cu-fibra-de-sticla","25":"pa_rezistenta-la-apa-20-atm-20-bar","26":"pa_sticla-safir-antireflex","27":"pa_tip-afisaj-mecanic","29":"first","30":"in_stock_supplier","31":"taxable","32":"shipping-taxable","33":"purchasable","34":"product-type-simple"},"_links":{"self":[{"href":"https:\/\/www.traser.ro\/en\/wp-json\/wp\/v2\/product\/1575","targetHints":{"allow":["GET"]}}],"collection":[{"href":"https:\/\/www.traser.ro\/en\/wp-json\/wp\/v2\/product"}],"about":[{"href":"https:\/\/www.traser.ro\/en\/wp-json\/wp\/v2\/types\/product"}],"replies":[{"embeddable":true,"href":"https:\/\/www.traser.ro\/en\/wp-json\/wp\/v2\/comments?post=1575"}],"wp:featuredmedia":[{"embeddable":true,"href":"https:\/\/www.traser.ro\/en\/wp-json\/wp\/v2\/media\/539"}],"wp:attachment":[{"href":"https:\/\/www.traser.ro\/en\/wp-json\/wp\/v2\/media?parent=1575"}],"wp:term":[{"taxonomy":"product_brand","embeddable":true,"href":"https:\/\/www.traser.ro\/en\/wp-json\/wp\/v2\/product_brand?post=1575"},{"taxonomy":"product_cat","embeddable":true,"href":"https:\/\/www.traser.ro\/en\/wp-json\/wp\/v2\/product_cat?post=1575"},{"taxonomy":"product_tag","embeddable":true,"href":"https:\/\/www.traser.ro\/en\/wp-json\/wp\/v2\/product_tag?post=1575"}],"curies":[{"name":"wp","href":"https:\/\/api.w.org\/{rel}","templated":true}]}}