{"id":1558,"date":"2025-04-08T11:30:25","date_gmt":"2025-04-08T08:30:25","guid":{"rendered":"https:\/\/traser.ro\/produs\/p69-black-stealth-sand-2\/"},"modified":"2025-04-11T23:07:09","modified_gmt":"2025-04-11T20:07:09","slug":"p69-black-stealth-sand-2","status":"publish","type":"product","link":"https:\/\/www.traser.ro\/en\/product\/p69-black-stealth-sand-2\/","title":{"rendered":"P69 Black Stealth Sand"},"content":{"rendered":"<p>The day-to-day life of the emergency forces requires a constant state of readiness, high physical endurance and an iron will. Physical exertion, dangerous situations and unpredictable scenarios make emergency crews an unrivaled unit - because in the midst of all the daily challenges, there is one thing they can count on: the unconditional support of their comrades. Readiness, resilience and willpower are traits also embodied by the new P69 Black Stealth.<\/p>","protected":false},"excerpt":{"rendered":"<p>Via\u021ba de zi cu zi a for\u021belor de interven\u021bie presupune o stare permanent\u0103 de preg\u0103tire, rezisten\u021b\u0103 fizic\u0103 ridicat\u0103 \u0219i o voin\u021b\u0103 de fier. Efortul fizic, situa\u021biile periculoase \u0219i scenariile imprevizibile transform\u0103 echipajele de urgen\u021b\u0103 \u00eentr-o unitate de neegalat \u2013 pentru c\u0103, \u00een mijlocul tuturor provoc\u0103rilor zilnice, exist\u0103 un lucru pe care se pot baza: sprijinul [&hellip;]<\/p>","protected":false},"featured_media":471,"comment_status":"open","ping_status":"open","template":"","meta":[],"product_brand":[24],"product_cat":[46,78],"product_tag":[80],"class_list":{"0":"post-1558","1":"product","2":"type-product","3":"status-publish","4":"has-post-thumbnail","6":"product_brand-traser","7":"product_cat-ceasuri-tactice","8":"product_cat-p69-black-stealth","9":"product_tag-p69blackstealth","10":"pa_alimentare-baterie","11":"pa_cadran-nisip","12":"pa_carcasa-otel-acoperit-cu-pvd","13":"pa_coroana-coroana-insurubata","14":"pa_curea-cauciuc","15":"pa_etansare-sticla-sigiliu-luminos","16":"pa_iluminare-cadran-trigalight","17":"pa_iluminare-indicatoare-trigalight","18":"pa_latime-curea-22-mm","19":"pa_marime-cadran-o-46-mm","20":"pa_material-capac-spate-otel-inoxidabil-acoperit-cu-negru","21":"pa_material-carcasa-otel-inoxidabil-acoperit-cu-negru","22":"pa_material-curea-cauciuc","23":"pa_mecanism-cuart-fabricat-in-elvetia","24":"pa_origine-mecanism-elvetia","25":"pa_producator-baterie-renata","26":"pa_producator-mecanism-ronda","27":"pa_rama-poate-fi-rotit-pe-ambele-parti-incrustatie-ceramica","28":"pa_rezistenta-la-apa-20-atm-20-bar","29":"pa_sticla-safir-antireflex","30":"pa_tip-afisaj-mecanic","32":"first","33":"in_stock_supplier","34":"taxable","35":"shipping-taxable","36":"purchasable","37":"product-type-simple"},"_links":{"self":[{"href":"https:\/\/www.traser.ro\/en\/wp-json\/wp\/v2\/product\/1558","targetHints":{"allow":["GET"]}}],"collection":[{"href":"https:\/\/www.traser.ro\/en\/wp-json\/wp\/v2\/product"}],"about":[{"href":"https:\/\/www.traser.ro\/en\/wp-json\/wp\/v2\/types\/product"}],"replies":[{"embeddable":true,"href":"https:\/\/www.traser.ro\/en\/wp-json\/wp\/v2\/comments?post=1558"}],"wp:featuredmedia":[{"embeddable":true,"href":"https:\/\/www.traser.ro\/en\/wp-json\/wp\/v2\/media\/471"}],"wp:attachment":[{"href":"https:\/\/www.traser.ro\/en\/wp-json\/wp\/v2\/media?parent=1558"}],"wp:term":[{"taxonomy":"product_brand","embeddable":true,"href":"https:\/\/www.traser.ro\/en\/wp-json\/wp\/v2\/product_brand?post=1558"},{"taxonomy":"product_cat","embeddable":true,"href":"https:\/\/www.traser.ro\/en\/wp-json\/wp\/v2\/product_cat?post=1558"},{"taxonomy":"product_tag","embeddable":true,"href":"https:\/\/www.traser.ro\/en\/wp-json\/wp\/v2\/product_tag?post=1558"}],"curies":[{"name":"wp","href":"https:\/\/api.w.org\/{rel}","templated":true}]}}