{"id":1545,"date":"2025-04-08T11:30:10","date_gmt":"2025-04-08T08:30:10","guid":{"rendered":"https:\/\/traser.ro\/produs\/p66-albastru-infinity\/"},"modified":"2025-04-11T23:07:18","modified_gmt":"2025-04-11T20:07:18","slug":"p66-albastru-infinity","status":"publish","type":"product","link":"https:\/\/www.traser.ro\/en\/product\/p66-blue-infinity\/","title":{"rendered":"P66 Infinity Blue"},"content":{"rendered":"<p>Inspired by the first tracer watch, THE ORIGINAL from 1989, the P66 family keeps the tactical spirit alive. Created to the strict MIL-G specifications of the US Army, this indestructible piece of equipment exceeds any mission. Its solid stainless steel core, topped by a fiberglass-reinforced polymer outer shell, coupled with trigalight self-lighting technology, makes the watch an indispensable tool in extreme situations.<\/p>","protected":false},"excerpt":{"rendered":"<p>Inspirat\u0103 de primul ceas traser, THE ORIGINAL din 1989, familia P66 p\u0103streaz\u0103 viu spiritul tactic. Creat conform specifica\u021biilor stricte MIL-G ale armatei americane, acest echipament indestructibil dep\u0103\u0219e\u0219te orice misiune. Nucleul s\u0103u solid din o\u021bel inoxidabil, acoperit de o carcas\u0103 exterioar\u0103 din polimer ranforsat cu fibr\u0103 de sticl\u0103, \u00eempreun\u0103 cu tehnologia de iluminare autonom\u0103 trigalight, transform\u0103 [&hellip;]<\/p>","protected":false},"featured_media":431,"comment_status":"open","ping_status":"open","template":"","meta":[],"product_brand":[24],"product_cat":[46,70],"product_tag":[71],"class_list":{"0":"post-1545","1":"product","2":"type-product","3":"status-publish","4":"has-post-thumbnail","6":"product_brand-traser","7":"product_cat-ceasuri-tactice","8":"product_cat-p66-tactical-mission","9":"product_tag-p66tacticalmission","10":"pa_alimentare-baterie","11":"pa_cadran-negru","12":"pa_carcasa-carcasa-dubla-din-polimer-armat-cu-fibra-de-sticla-cu-recipient-din-otel-inoxidabil","13":"pa_coroana-coroana-insurubata","14":"pa_curea-nato","15":"pa_iluminare-cadran-trigalight","16":"pa_latime-curea-22-mm","17":"pa_marime-cadran-o-45-mm","18":"pa_material-capac-spate-otel-inoxidabil","19":"pa_material-carcasa-carcasa-dubla-din-otel-inoxidabil-si-plastic","20":"pa_material-curea-textile","21":"pa_mecanism-cuart-fabricat-in-elvetia","22":"pa_origine-mecanism-elvetia","23":"pa_producator-baterie-renata","24":"pa_producator-mecanism-ronda","25":"pa_rama-rotibil-pe-ambele-parti-otel-inoxidabil-acoperit-cu-pvd","26":"pa_rezistenta-la-apa-20-atm-20-bar","27":"pa_sticla-safir-antireflex","28":"pa_tip-afisaj-mecanic","30":"first","31":"in_stock_supplier","32":"taxable","33":"shipping-taxable","34":"purchasable","35":"product-type-simple"},"_links":{"self":[{"href":"https:\/\/www.traser.ro\/en\/wp-json\/wp\/v2\/product\/1545","targetHints":{"allow":["GET"]}}],"collection":[{"href":"https:\/\/www.traser.ro\/en\/wp-json\/wp\/v2\/product"}],"about":[{"href":"https:\/\/www.traser.ro\/en\/wp-json\/wp\/v2\/types\/product"}],"replies":[{"embeddable":true,"href":"https:\/\/www.traser.ro\/en\/wp-json\/wp\/v2\/comments?post=1545"}],"wp:featuredmedia":[{"embeddable":true,"href":"https:\/\/www.traser.ro\/en\/wp-json\/wp\/v2\/media\/431"}],"wp:attachment":[{"href":"https:\/\/www.traser.ro\/en\/wp-json\/wp\/v2\/media?parent=1545"}],"wp:term":[{"taxonomy":"product_brand","embeddable":true,"href":"https:\/\/www.traser.ro\/en\/wp-json\/wp\/v2\/product_brand?post=1545"},{"taxonomy":"product_cat","embeddable":true,"href":"https:\/\/www.traser.ro\/en\/wp-json\/wp\/v2\/product_cat?post=1545"},{"taxonomy":"product_tag","embeddable":true,"href":"https:\/\/www.traser.ro\/en\/wp-json\/wp\/v2\/product_tag?post=1545"}],"curies":[{"name":"wp","href":"https:\/\/api.w.org\/{rel}","templated":true}]}}