{"id":1544,"date":"2025-04-08T11:30:10","date_gmt":"2025-04-08T08:30:10","guid":{"rendered":"https:\/\/traser.ro\/produs\/p99-q-tactical-verde-2\/"},"modified":"2025-04-11T23:07:18","modified_gmt":"2025-04-11T20:07:18","slug":"p99-q-tactical-verde-2","status":"publish","type":"product","link":"https:\/\/www.traser.ro\/en\/product\/p99-q-tactical-verde-2\/","title":{"rendered":"P99 Q Tactical Green"},"content":{"rendered":"<p>Precise, rugged and highly functional: with the new P99 Q Tactical, traser presents an uncompromising tool watch designed specifically for the multiple challenges faced by special forces. Thanks to the carbon fiber-reinforced double case incorporating a stainless steel case, and the trigalight autonomous illumination technology, this watch is a reliable comrade that special forces can rely on unconditionally.<\/p>","protected":false},"excerpt":{"rendered":"<p>Precis, robust \u0219i extrem de func\u021bional: cu noul P99 Q Tactical, traser prezint\u0103 un ceas de tip instrument f\u0103r\u0103 compromisuri, conceput special pentru multiplele provoc\u0103ri \u00eent\u00e2mpinate de for\u021bele speciale. Datorit\u0103 carcasei duble ranforsate cu fibr\u0103 de carbon, ce \u00eencorporeaz\u0103 un recipient din o\u021bel inoxidabil, \u0219i tehnologiei de iluminare autonom\u0103 trigalight, acest ceas este un camarad [&hellip;]<\/p>","protected":false},"featured_media":427,"comment_status":"open","ping_status":"open","template":"","meta":[],"product_brand":[24],"product_cat":[46,64],"product_tag":[65],"class_list":{"0":"post-1544","1":"product","2":"type-product","3":"status-publish","4":"has-post-thumbnail","6":"product_brand-traser","7":"product_cat-ceasuri-tactice","8":"product_cat-p99-q-tactical","9":"product_tag-p99qtactical","10":"pa_alimentare-baterie","11":"pa_cadran-negru","12":"pa_carcasa-carcasa-dubla-armata-cu-fibra-de-carbon-cu-recipient-din-otel-inoxidabil","13":"pa_coroana-coroana-insurubata","14":"pa_curea-cauciuc","15":"pa_etansare-sticla-sigiliu-luminos","16":"pa_iluminare-cadran-trigalight","17":"pa_iluminare-indicatoare-trigalight","18":"pa_latime-curea-22-mm","19":"pa_marime-cadran-o-46-mm","20":"pa_material-capac-spate-otel-inoxidabil-acoperit-cu-negru","21":"pa_material-carcasa-otel-inoxidabil-acoperit-cu-negru","22":"pa_material-curea-textile","23":"pa_mecanism-cuart-fabricat-in-elvetia","24":"pa_origine-mecanism-elvetia","25":"pa_producator-baterie-renata","26":"pa_producator-mecanism-ronda","27":"pa_rama-poate-fi-rotit-pe-ambele-parti-incrustatie-ceramica","28":"pa_rezistenta-la-apa-20-atm-20-bar","29":"pa_sticla-safir-antireflex","30":"pa_tip-afisaj-mecanic","32":"first","33":"in_stock_supplier","34":"taxable","35":"shipping-taxable","36":"purchasable","37":"product-type-simple"},"_links":{"self":[{"href":"https:\/\/www.traser.ro\/en\/wp-json\/wp\/v2\/product\/1544","targetHints":{"allow":["GET"]}}],"collection":[{"href":"https:\/\/www.traser.ro\/en\/wp-json\/wp\/v2\/product"}],"about":[{"href":"https:\/\/www.traser.ro\/en\/wp-json\/wp\/v2\/types\/product"}],"replies":[{"embeddable":true,"href":"https:\/\/www.traser.ro\/en\/wp-json\/wp\/v2\/comments?post=1544"}],"wp:featuredmedia":[{"embeddable":true,"href":"https:\/\/www.traser.ro\/en\/wp-json\/wp\/v2\/media\/427"}],"wp:attachment":[{"href":"https:\/\/www.traser.ro\/en\/wp-json\/wp\/v2\/media?parent=1544"}],"wp:term":[{"taxonomy":"product_brand","embeddable":true,"href":"https:\/\/www.traser.ro\/en\/wp-json\/wp\/v2\/product_brand?post=1544"},{"taxonomy":"product_cat","embeddable":true,"href":"https:\/\/www.traser.ro\/en\/wp-json\/wp\/v2\/product_cat?post=1544"},{"taxonomy":"product_tag","embeddable":true,"href":"https:\/\/www.traser.ro\/en\/wp-json\/wp\/v2\/product_tag?post=1544"}],"curies":[{"name":"wp","href":"https:\/\/api.w.org\/{rel}","templated":true}]}}