{"id":1536,"date":"2025-04-08T11:30:10","date_gmt":"2025-04-08T08:30:10","guid":{"rendered":"https:\/\/traser.ro\/produs\/p99-t-tactical-gri-2\/"},"modified":"2025-04-11T23:07:15","modified_gmt":"2025-04-11T20:07:15","slug":"p99-t-tactical-gri-2","status":"publish","type":"product","link":"https:\/\/www.traser.ro\/en\/product\/p99-t-tactical-gri-2\/","title":{"rendered":"P99 T Tactical Gray"},"content":{"rendered":"<p>Extremely strong, yet lightweight, non-magnetic, hypoallergenic and corrosion resistant: Titanium is a material with a unique property profile, used wherever high durability, precision and safety are required. From aerospace and medical technology, to high-tech applications and protective equipment for police and military, the characteristics of this lightweight metal are combined with the unparalleled functionality of Trigalight's own self-luminizing trigalight technology in the P99 T Tactical watch.<\/p>","protected":false},"excerpt":{"rendered":"<p>Extrem de rezistent, dar \u00een acela\u0219i timp u\u0219or, nemagnetic, hipoalergenic \u0219i rezistent la coroziune: Titanul este un material cu un profil de propriet\u0103\u021bi unic, folosit oriunde sunt necesare durabilitate ridicat\u0103, precizie \u0219i siguran\u021b\u0103. De la industria aerospa\u021bial\u0103 \u0219i tehnologia medical\u0103, p\u00e2n\u0103 la aplica\u021bii high-tech \u0219i echipamente de protec\u021bie pentru poli\u021bie \u0219i armat\u0103, caracteristicile acestui metal [&hellip;]<\/p>","protected":false},"featured_media":395,"comment_status":"open","ping_status":"open","template":"","meta":[],"product_brand":[24],"product_cat":[46,60],"product_tag":[61],"class_list":{"0":"post-1536","1":"product","2":"type-product","3":"status-publish","4":"has-post-thumbnail","6":"product_brand-traser","7":"product_cat-ceasuri-tactice","8":"product_cat-p99-t-tactical","9":"product_tag-p99ttactical","10":"pa_alimentare-baterie","11":"pa_cadran-gri","12":"pa_carcasa-titan","13":"pa_coroana-coroana-insurubata","14":"pa_curea-cauciuc","15":"pa_etansare-sticla-sigiliu-luminos","16":"pa_iluminare-cadran-trigalight","17":"pa_iluminare-indicatoare-trigalight","18":"pa_latime-curea-22-mm","19":"pa_marime-cadran-o-46-mm","20":"pa_material-capac-spate-otel-inoxidabil-acoperit-cu-negru","21":"pa_material-carcasa-otel-inoxidabil-acoperit-cu-negru","22":"pa_material-curea-textile","23":"pa_mecanism-cuart-fabricat-in-elvetia","24":"pa_origine-mecanism-elvetia","25":"pa_producator-baterie-renata","26":"pa_producator-mecanism-ronda","27":"pa_rama-poate-fi-rotit-pe-ambele-parti-titan","28":"pa_rezistenta-la-apa-20-atm-20-bar","29":"pa_sticla-safir-antireflex","30":"pa_tip-afisaj-mecanic","32":"first","33":"in_stock_supplier","34":"taxable","35":"shipping-taxable","36":"purchasable","37":"product-type-simple"},"_links":{"self":[{"href":"https:\/\/www.traser.ro\/en\/wp-json\/wp\/v2\/product\/1536","targetHints":{"allow":["GET"]}}],"collection":[{"href":"https:\/\/www.traser.ro\/en\/wp-json\/wp\/v2\/product"}],"about":[{"href":"https:\/\/www.traser.ro\/en\/wp-json\/wp\/v2\/types\/product"}],"replies":[{"embeddable":true,"href":"https:\/\/www.traser.ro\/en\/wp-json\/wp\/v2\/comments?post=1536"}],"wp:featuredmedia":[{"embeddable":true,"href":"https:\/\/www.traser.ro\/en\/wp-json\/wp\/v2\/media\/395"}],"wp:attachment":[{"href":"https:\/\/www.traser.ro\/en\/wp-json\/wp\/v2\/media?parent=1536"}],"wp:term":[{"taxonomy":"product_brand","embeddable":true,"href":"https:\/\/www.traser.ro\/en\/wp-json\/wp\/v2\/product_brand?post=1536"},{"taxonomy":"product_cat","embeddable":true,"href":"https:\/\/www.traser.ro\/en\/wp-json\/wp\/v2\/product_cat?post=1536"},{"taxonomy":"product_tag","embeddable":true,"href":"https:\/\/www.traser.ro\/en\/wp-json\/wp\/v2\/product_tag?post=1536"}],"curies":[{"name":"wp","href":"https:\/\/api.w.org\/{rel}","templated":true}]}}