{"id":1532,"date":"2025-04-08T11:30:10","date_gmt":"2025-04-08T08:30:10","guid":{"rendered":"https:\/\/traser.ro\/produs\/p99-a-tactical-carbon\/"},"modified":"2025-04-11T23:07:17","modified_gmt":"2025-04-11T20:07:17","slug":"p99-a-tactical-carbon","status":"publish","type":"product","link":"https:\/\/www.traser.ro\/en\/product\/p99-a-tactical-carbon\/","title":{"rendered":"P99 A Tactical Carbon"},"content":{"rendered":"<p>The Traser P99 A Tactical is a robust automatic watch that combines precision with functionality. The carbon fiber-reinforced polymer case and carbon dial ensure extreme durability, while the Swiss automatic mechanism guarantees reliable timekeeping. The transparent back cover offers a fascinating glimpse into the heart of this tactical watch, promising top performance even under the most demanding conditions.<\/p>","protected":false},"excerpt":{"rendered":"<p>Traser P99 A Tactical este un ceas automat robust care \u00eembin\u0103 precizia cu func\u021bionalitatea. Carcasa din polimer ranforsat cu fibr\u0103 de carbon \u0219i cadranul din carbon asigur\u0103 o durabilitate extrem\u0103, \u00een timp ce mecanismul automat elve\u021bian garanteaz\u0103 o m\u0103surare fiabil\u0103 a timpului. Capacul transparent de pe spate ofer\u0103 o privire fascinant\u0103 \u00een inima acestui ceas [&hellip;]<\/p>","protected":false},"featured_media":379,"comment_status":"open","ping_status":"open","template":"","meta":[],"product_brand":[24],"product_cat":[46,47],"product_tag":[48],"class_list":{"0":"post-1532","1":"product","2":"type-product","3":"status-publish","4":"has-post-thumbnail","6":"product_brand-traser","7":"product_cat-ceasuri-tactice","8":"product_cat-p99-a-tactical","9":"product_tag-p99atactical","10":"pa_alimentare-automatic","11":"pa_cadran-carbon","12":"pa_carcasa-carcasa-dubla-armata-cu-fibra-de-carbon-cu-recipient-din-otel-inoxidabil","13":"pa_coroana-coroana-insurubata","14":"pa_curea-nato","15":"pa_etansare-sticla-sigiliu-luminos","16":"pa_iluminare-cadran-trigalight","17":"pa_iluminare-indicatoare-trigalight","18":"pa_latime-curea-22-mm","19":"pa_marime-cadran-o-46-mm","20":"pa_material-capac-spate-otel-inoxidabil","21":"pa_material-carcasa-carcasa-dubla-din-polimer-armat-cu-fibra-de-carbon-cu-container-inox","22":"pa_material-curea-textile","23":"pa_mecanism-automatic-fabricat-in-elvetia","24":"pa_origine-mecanism-elvetia","25":"pa_producator-mecanism-sellita","26":"pa_rama-poate-fi-rotit-pe-ambele-parti-incrustatie-ceramica","27":"pa_rezistenta-la-apa-20-atm-20-bar","28":"pa_sticla-safir-antireflex","29":"pa_tip-afisaj-mecanic","31":"first","32":"in_stock_supplier","33":"taxable","34":"shipping-taxable","35":"purchasable","36":"product-type-simple"},"_links":{"self":[{"href":"https:\/\/www.traser.ro\/en\/wp-json\/wp\/v2\/product\/1532","targetHints":{"allow":["GET"]}}],"collection":[{"href":"https:\/\/www.traser.ro\/en\/wp-json\/wp\/v2\/product"}],"about":[{"href":"https:\/\/www.traser.ro\/en\/wp-json\/wp\/v2\/types\/product"}],"replies":[{"embeddable":true,"href":"https:\/\/www.traser.ro\/en\/wp-json\/wp\/v2\/comments?post=1532"}],"wp:featuredmedia":[{"embeddable":true,"href":"https:\/\/www.traser.ro\/en\/wp-json\/wp\/v2\/media\/379"}],"wp:attachment":[{"href":"https:\/\/www.traser.ro\/en\/wp-json\/wp\/v2\/media?parent=1532"}],"wp:term":[{"taxonomy":"product_brand","embeddable":true,"href":"https:\/\/www.traser.ro\/en\/wp-json\/wp\/v2\/product_brand?post=1532"},{"taxonomy":"product_cat","embeddable":true,"href":"https:\/\/www.traser.ro\/en\/wp-json\/wp\/v2\/product_cat?post=1532"},{"taxonomy":"product_tag","embeddable":true,"href":"https:\/\/www.traser.ro\/en\/wp-json\/wp\/v2\/product_tag?post=1532"}],"curies":[{"name":"wp","href":"https:\/\/api.w.org\/{rel}","templated":true}]}}