{"id":303,"date":"2025-03-20T15:59:21","date_gmt":"2025-03-20T15:59:21","guid":{"rendered":"https:\/\/traser.ro\/?page_id=303"},"modified":"2025-04-11T20:52:23","modified_gmt":"2025-04-11T17:52:23","slug":"cos","status":"publish","type":"page","link":"https:\/\/www.traser.ro\/en\/cos-2\/","title":{"rendered":"Basket"},"content":{"rendered":"<div data-elementor-type=\"wp-page\" data-elementor-id=\"303\" class=\"elementor elementor-303\" data-elementor-post-type=\"page\">\n\t\t\t\t<div class=\"elementor-element elementor-element-40efdfe e-flex e-con-boxed e-con e-parent\" data-id=\"40efdfe\" data-element_type=\"container\" data-e-type=\"container\">\n\t\t\t\t\t<div class=\"e-con-inner\">\n\t\t<div class=\"elementor-element elementor-element-c7ffce3 e-con-full e-flex e-con e-child\" data-id=\"c7ffce3\" data-element_type=\"container\" data-e-type=\"container\">\n\t\t\t\t<\/div>\n\t\t\t\t\t<\/div>\n\t\t\t\t<\/div>\n\t\t\t\t<\/div>","protected":false},"excerpt":{"rendered":"<p>\u00cenl\u0103tur\u0103 produsul Imagine miniatur\u0103 Produs Pre\u021b Cantitate Sub-total &times; P67 Diver T100 Albastru 3.995,00&nbsp;lei Cantitate P67 Diver T100 Albastru 3.995,00&nbsp;lei Actualizeaz\u0103 co\u0219ul Aplic\u0103 cuponul Total Sub-total 3.995,00&nbsp;lei Livrare Introdu adresa pentru a vedea op\u021biunile de livrare. Calculeaz\u0103 livrarea \u021aar\u0103\/regiune Selecteaz\u0103 o \u021bar\u0103\/regiune&#8230;AfganistanAfrica de SudAlbaniaAlgeriaAndorraAngolaAnguillaAntarcticaAntigua \u0219i BarbudaArabia Saudit\u0103ArgentinaArmeniaArubaAustraliaAustriaAzerbaidjanBahamasBahrainBangladeshBarbadosBelarusBelauBelgiaBelizeBeninBermudaBhutanBoliviaBonaire, Saint Eustatius \u0219i SabaBosnia \u0219i Her\u021begovinaBotswanaBraziliaBruneiBulgariaBurkina FasoBurundiCabo VerdeCambodgiaCamerunCanadaCehiaChileChinaCiadCipruCoasta [&hellip;]<\/p>","protected":false},"author":2,"featured_media":0,"parent":0,"menu_order":0,"comment_status":"closed","ping_status":"closed","template":"","meta":{"footnotes":""},"class_list":["post-303","page","type-page","status-publish","hentry"],"_links":{"self":[{"href":"https:\/\/www.traser.ro\/en\/wp-json\/wp\/v2\/pages\/303","targetHints":{"allow":["GET"]}}],"collection":[{"href":"https:\/\/www.traser.ro\/en\/wp-json\/wp\/v2\/pages"}],"about":[{"href":"https:\/\/www.traser.ro\/en\/wp-json\/wp\/v2\/types\/page"}],"author":[{"embeddable":true,"href":"https:\/\/www.traser.ro\/en\/wp-json\/wp\/v2\/users\/2"}],"replies":[{"embeddable":true,"href":"https:\/\/www.traser.ro\/en\/wp-json\/wp\/v2\/comments?post=303"}],"version-history":[{"count":22,"href":"https:\/\/www.traser.ro\/en\/wp-json\/wp\/v2\/pages\/303\/revisions"}],"predecessor-version":[{"id":1725,"href":"https:\/\/www.traser.ro\/en\/wp-json\/wp\/v2\/pages\/303\/revisions\/1725"}],"wp:attachment":[{"href":"https:\/\/www.traser.ro\/en\/wp-json\/wp\/v2\/media?parent=303"}],"curies":[{"name":"wp","href":"https:\/\/api.w.org\/{rel}","templated":true}]}}