{"id":1744,"date":"2025-03-20T15:59:21","date_gmt":"2025-03-20T15:59:21","guid":{"rendered":"https:\/\/traser.ro\/?page_id=303"},"modified":"2025-04-16T16:58:47","modified_gmt":"2025-04-16T13:58:47","slug":"cart","status":"publish","type":"page","link":"https:\/\/www.traser.ro\/en\/cart\/","title":{"rendered":"Cart"},"content":{"rendered":"<p><!--open container--><br \/>\n\t\t\t\t\t\t\t<!--open column-1--><\/p>\n<form action=\"https:\/\/www.traser.ro\/en\/cos-2\/\" method=\"post\" data-trp-original-action=\"https:\/\/www.traser.ro\/cos\/\">\n\t\t\t\t\t\t<!--open shop table div --><\/p>\n<table cellspacing=\"0\">\n<thead>\n<tr>\n<th>Remove product<\/th>\n<th>Thumbnail image<\/th>\n<th>Product<\/th>\n<th>Price<\/th>\n<th>Quantity<\/th>\n<th>Sub-total<\/th>\n<\/tr>\n<\/thead>\n<tbody>\n<tr>\n<td>\n\t\t\t\t\t\t\t<a href=\"https:\/\/www.traser.ro\/en\/cos-2\/?remove_item=08e6bea8e90ba87af3c9554d94db6579&#038;_wpnonce=b4ca792876\" aria-label=\"Remove P67 Diver T100 Blue from your basket\" data-product_id=\"1677\" data-product_sku=\"109371\">\u00d7<\/a>\t\t\t\t\t\t<\/td>\n<td>\n\t\t\t\t\t\t<a href=\"https:\/\/www.traser.ro\/en\/product\/p67-diver-t100-albastru-2\/\"><img fetchpriority=\"high\" width=\"300\" height=\"414\" src=\"https:\/\/www.traser.ro\/wp-content\/uploads\/2025\/03\/T_100_rubber_soldier_day-300x414.png\" alt=\"Watch Traser P67 Diver T100 Blue\" decoding=\"async\" srcset=\"https:\/\/www.traser.ro\/wp-content\/uploads\/2025\/03\/T_100_rubber_soldier_day-300x414.png 300w, https:\/\/www.traser.ro\/wp-content\/uploads\/2025\/03\/T_100_rubber_soldier_day-600x829.png 600w, https:\/\/www.traser.ro\/wp-content\/uploads\/2025\/03\/T_100_rubber_soldier_day-217x300.png 217w, https:\/\/www.traser.ro\/wp-content\/uploads\/2025\/03\/T_100_rubber_soldier_day-741x1024.png 741w, https:\/\/www.traser.ro\/wp-content\/uploads\/2025\/03\/T_100_rubber_soldier_day-768x1061.png 768w, https:\/\/www.traser.ro\/wp-content\/uploads\/2025\/03\/T_100_rubber_soldier_day-1112x1536.png 1112w, https:\/\/www.traser.ro\/wp-content\/uploads\/2025\/03\/T_100_rubber_soldier_day-1482x2048.png 1482w\" sizes=\"(max-width: 300px) 100vw, 300px\" \/><\/a>\t\t\t\t\t\t<\/td>\n<td data-title=\"Produs\">\n\t\t\t\t\t\t<a href=\"https:\/\/www.traser.ro\/en\/product\/p67-diver-t100-albastru-2\/\">P67 Diver T100 Blue<\/a>\t\t\t\t\t\t<\/td>\n<td data-title=\"Pre\u021b\">\n\t\t\t\t\t\t\t<bdi>3.995,00 lei<\/bdi>\t\t\t\t\t\t<\/td>\n<td data-title=\"Cantitate\">\n\t\t<label for=\"quantity_67f956d7530e7\">Quantity P67 Diver T100 Blue<\/label><br \/>\n\t<input\n\t\ttype=\"number\"\n\t\t\t\tid=\"quantity_67f956d7530e7\"\n\t\tclass=\"input-text qty text\"\n\t\tname=\"cart[08e6bea8e90ba87af3c9554d94db6579][qty]\"\n\t\tvalue=\"1\"\n\t\taria-label=\"Quantity of products\"\n\t\t\t\tmin=\"0\"\n\t\tmax=\"\"\n\t\t\t\t\tstep=\"1\"\n\t\t\tplaceholder=\"\"\n\t\t\tinputmode=\"numeric\"\n\t\t\tautocomplete=\"off\"\n\t\t\t\/>\n\t\t\t\t\t\t<\/td>\n<td data-title=\"Sub-total\">\n\t\t\t\t\t\t\t<bdi>3.995,00 lei<\/bdi>\t\t\t\t\t\t<\/td>\n<\/tr>\n<tr>\n<td colspan=\"6\">\n\t\t\t\t\t<button type=\"submit\" name=\"update_cart\" value=\"Actualizeaz\u0103 co\u0219ul\">Update basket<\/button><br \/>\n\t\t\t\t\t<input type=\"hidden\" id=\"woocommerce-cart-nonce\" name=\"woocommerce-cart-nonce\" value=\"b4ca792876\" \/><input type=\"hidden\" name=\"_wp_http_referer\" value=\"\/wp-admin\/admin-ajax.php\" \/>\t\t\t\t<\/td>\n<\/tr>\n<\/tbody>\n<\/table>\n<p>\t\t\t\t\t<!--close shop table div --><br \/>\n\t\t\t\t\t<input type=\"text\" name=\"coupon_code\" id=\"coupon_code\" value=\"\" placeholder=\"Coupon code\" \/><br \/>\n\t\t\t\t\t<button name=\"apply_coupon\" type=\"submit\" value=\"Aplic\u0103 cuponul\">Apply coupon<\/button><br \/>\n\t\t<input type=\"hidden\" name=\"trp-form-language\" value=\"en\"\/><\/form>\n<p>\t\t\t\t\t\t<!--close column-1--><br \/>\n\t\t\t\t\t\t\t<!--open column-2--><br \/>\n\t\t\t\t\t\t\t\t\t<!--open column-inner--><br \/>\n\t\t\t\t\t\t\t\t\t\t<!--open cart-totals--><\/p>\n<h2>Total<\/h2>\n<table cellspacing=\"0\">\n<tr>\n<th>Sub-total<\/th>\n<td data-title=\"Sub-total\"><bdi>3.995,00 lei<\/bdi><\/td>\n<\/tr>\n<tr>\n<th>Delivery<\/th>\n<td data-title=\"Livrare\">\n\t\tEnter your address to see delivery options.<\/p>\n<form action=\"https:\/\/www.traser.ro\/en\/cos-2\/\" method=\"post\" data-trp-original-action=\"https:\/\/www.traser.ro\/cos\/\">\n\t<a href=\"#\" aria-expanded=\"false\" aria-controls=\"shipping-calculator-form\" role=\"button\">Calculate delivery<\/a><\/p>\n<section id=\"shipping-calculator-form\" style=\"display:none;\">\n<p id=\"calc_shipping_country_field\">\n\t\t\t\t<label for=\"calc_shipping_country\">Country\/region<\/label><br \/>\n\t\t\t\t<select name=\"calc_shipping_country\" id=\"calc_shipping_country\" rel=\"calc_shipping_state\"><option value=\"default\">Select a country\/region...<\/option><option value=\"AF\">Afghanistan<\/option><option value=\"ZA\">South Africa<\/option><option value=\"AL\">Albania<\/option><option value=\"DZ\">Algeria<\/option><option value=\"AD\">Andorra<\/option><option value=\"AO\">Angola<\/option><option value=\"AI\">Anguilla<\/option><option value=\"AQ\">Antarctica<\/option><option value=\"AG\">Antigua and Barbuda<\/option><option value=\"SA\">Saudi Arabia<\/option><option value=\"AR\">Argentina<\/option><option value=\"AM\">Armenia<\/option><option value=\"AW\">Aruba<\/option><option value=\"AU\">Australia<\/option><option value=\"AT\">Austria<\/option><option value=\"AZ\">Azerbaijan<\/option><option value=\"BS\">Bahamas<\/option><option value=\"BH\">Bahrain<\/option><option value=\"BD\">Bangladesh<\/option><option value=\"BB\">Barbados<\/option><option value=\"BY\">Belarus<\/option><option value=\"PW\">Belau<\/option><option value=\"BE\">Belgium<\/option><option value=\"BZ\">Belize<\/option><option value=\"BJ\">Benin<\/option><option value=\"BM\">Bermuda<\/option><option value=\"BT\">Bhutan<\/option><option value=\"BO\">Bolivia<\/option><option value=\"BQ\">Bonaire, Saint Eustatius and Saba<\/option><option value=\"BA\">Bosnia and Herzegovina<\/option><option value=\"BW\">Botswana<\/option><option value=\"BR\">Brazil<\/option><option value=\"BN\">Brunei<\/option><option value=\"BG\">Bulgaria<\/option><option value=\"BF\">Burkina Faso<\/option><option value=\"BI\">Burundi<\/option><option value=\"CV\">Cape Verde<\/option><option value=\"KH\">Cambodia<\/option><option value=\"CM\">Cameroon<\/option><option value=\"CA\">Canada<\/option><option value=\"CZ\">Czech Republic<\/option><option value=\"CL\">Chile<\/option><option value=\"CN\">China<\/option><option value=\"TD\">Chad<\/option><option value=\"CY\">Cyprus<\/option><option value=\"CI\">Ivory Coast<\/option><option value=\"CO\">Columbia<\/option><option value=\"KM\">Comoros<\/option><option value=\"MP\">Community of the Northern Mariana Islands<\/option><option value=\"CG\">Congo (Brazzaville)<\/option><option value=\"CD\">Congo (Kinshasa)<\/option><option value=\"KP\">North Korea<\/option><option value=\"KR\">South Korea<\/option><option value=\"CR\">Costa Rica<\/option><option value=\"HR\">Croatia<\/option><option value=\"CU\">Cuba<\/option><option value=\"CW\">Cura\u00e7ao<\/option><option value=\"DK\">Denmark<\/option><option value=\"DJ\">Djibouti<\/option><option value=\"DM\">Dominica<\/option><option value=\"EC\">Ecuador<\/option><option value=\"EG\">Egypt<\/option><option value=\"SV\">El Salvador<\/option><option value=\"CH\">Switzerland<\/option><option value=\"AE\">United Arab Emirates<\/option><option value=\"ER\">Eritrea<\/option><option value=\"EE\">Estonia<\/option><option value=\"SZ\">Eswatini<\/option><option value=\"ET\">Ethiopia<\/option><option value=\"FJ\">Fiji<\/option><option value=\"PH\">Philippines<\/option><option value=\"FI\">Finland<\/option><option value=\"FR\">France<\/option><option value=\"GA\">Gabon<\/option><option value=\"GM\">Gambia<\/option><option value=\"GE\">Georgia<\/option><option value=\"DE\">Germany<\/option><option value=\"GH\">Ghana<\/option><option value=\"GI\">Gibraltar<\/option><option value=\"GR\">Greece<\/option><option value=\"GD\">Grenada<\/option><option value=\"GL\">Greenland<\/option><option value=\"GP\">Guadeloupe<\/option><option value=\"GU\">Guam<\/option><option value=\"GT\">Guatemala<\/option><option value=\"GG\">Guernsey<\/option><option value=\"GN\">Guinea<\/option><option value=\"GQ\">Equatorial Guinea<\/option><option value=\"GW\">Guinea-Bissau<\/option><option value=\"GY\">Guyana<\/option><option value=\"GF\">French Guiana<\/option><option value=\"HT\">Haiti<\/option><option value=\"HN\">Honduras<\/option><option value=\"HK\">Hong Kong<\/option><option value=\"IN\">India<\/option><option value=\"ID\">Indonesia<\/option><option value=\"BV\">Bouvet Island<\/option><option value=\"CX\">Christmas Island<\/option><option value=\"HM\">Heard Island and McDonald Islands<\/option><option value=\"IM\">Isle of Man<\/option><option value=\"NF\">Norfolk Island<\/option><option value=\"SX\">St. Martin Island<\/option><option value=\"AX\">\u00c5land Islands<\/option><option value=\"KY\">Cayman Islands<\/option><option value=\"CC\">Cocos (Keeling) Islands<\/option><option value=\"CK\">Cook Islands<\/option><option value=\"FK\">Falkland Islands<\/option><option value=\"FO\">Faroe Islands<\/option><option value=\"GS\">South Georgia and Sandwich Islands<\/option><option value=\"MH\">Marshall Islands<\/option><option value=\"UM\">United States Minor Outlying Islands<\/option><option value=\"PN\">Pitcairn Islands<\/option><option value=\"SB\">Solomon Islands<\/option><option value=\"TC\">Turks and Caicos Islands<\/option><option value=\"VI\">Virgin Islands (USA)<\/option><option value=\"VG\">British Virgin Islands<\/option><option value=\"JO\">Jordan<\/option><option value=\"IQ\">Iraq<\/option><option value=\"IR\">Iran<\/option><option value=\"IE\">Ireland<\/option><option value=\"IS\">Iceland<\/option><option value=\"IL\">Israel<\/option><option value=\"IT\">Italy<\/option><option value=\"JM\">Jamaica<\/option><option value=\"JP\">Japan<\/option><option value=\"JE\">Jersey<\/option><option value=\"KZ\">Kazakhstan<\/option><option value=\"KG\">Kyrgyzstan<\/option><option value=\"KE\">Kenya<\/option><option value=\"KI\">Kiribati<\/option><option value=\"KW\">Kuwait<\/option><option value=\"LA\">Laos<\/option><option value=\"LS\">Lesotho<\/option><option value=\"LV\">Latvia<\/option><option value=\"LB\">Lebanon<\/option><option value=\"LR\">Liberia<\/option><option value=\"LY\">Libya<\/option><option value=\"LI\">Liechtenstein<\/option><option value=\"LT\">Lithuania<\/option><option value=\"LU\">Luxembourg<\/option><option value=\"MO\">Macao<\/option><option value=\"MK\">North Macedonia<\/option><option value=\"MG\">Madagascar<\/option><option value=\"MW\">Malawi<\/option><option value=\"MY\">Malaysia<\/option><option value=\"MV\">Maldives<\/option><option value=\"ML\">Mali<\/option><option value=\"MT\">Malta<\/option><option value=\"MA\">Morocco<\/option><option value=\"MQ\">Martinique<\/option><option value=\"MR\">Mauritania<\/option><option value=\"MU\">Mauritius<\/option><option value=\"YT\">Mayotte<\/option><option value=\"MX\">Mexico<\/option><option value=\"MC\">Monaco<\/option><option value=\"MN\">Mongolia<\/option><option value=\"MS\">Montserrat<\/option><option value=\"MZ\">Mozambique<\/option><option value=\"ME\">Montenegro<\/option><option value=\"MM\">Myanmar<\/option><option value=\"NA\">Namibia<\/option><option value=\"NR\">Nauru<\/option><option value=\"NP\">Nepal<\/option><option value=\"NI\">Nicaragua<\/option><option value=\"NE\">Niger<\/option><option value=\"NG\">Nigeria<\/option><option value=\"NU\">Niue<\/option><option value=\"NO\">Norway<\/option><option value=\"NC\">New Caledonia<\/option><option value=\"NZ\">New Zealand Dollar<\/option><option value=\"OM\">Oman<\/option><option value=\"PK\">Pakistan<\/option><option value=\"PA\">Panama<\/option><option value=\"PG\">Papua New Guinea<\/option><option value=\"PY\">Paraguay<\/option><option value=\"PE\">Peru<\/option><option value=\"PF\">French Polynesia<\/option><option value=\"PL\">Poland<\/option><option value=\"PT\">Portugal<\/option><option value=\"PR\">Puerto Rico<\/option><option value=\"QA\">Qatar<\/option><option value=\"GB\">United Kingdom (UK)<\/option><option value=\"CF\">Central African Republic<\/option><option value=\"DO\">Dominican Republic<\/option><option value=\"MD\">Republic of Moldova<\/option><option value=\"RE\">Meeting<\/option><option value=\"RO\" selected='selected'>Romania<\/option><option value=\"RU\">Russia<\/option><option value=\"RW\">Rwanda<\/option><option value=\"EH\">Western Sahara<\/option><option value=\"PM\">Saint Pierre and Miquelon<\/option><option value=\"BL\">St. Barth\u00e9lemy<\/option><option value=\"MF\">Saint-Martin<\/option><option value=\"WS\">Samoa<\/option><option value=\"AS\">American Samoa<\/option><option value=\"SM\">San Marino<\/option><option value=\"ST\">S\u00e3o Tom\u00e9 and Pr\u00edncipe<\/option><option value=\"SN\">Senegal<\/option><option value=\"RS\">Serbia<\/option><option value=\"SC\">Seychelles<\/option><option value=\"SH\">Saint Helena<\/option><option value=\"LC\">Saint Lucia<\/option><option value=\"KN\">Saint Kitts and Nevis<\/option><option value=\"VC\">St. Vincent and the Grenadines<\/option><option value=\"SL\">Sierra Leone<\/option><option value=\"SG\">Singapore<\/option><option value=\"SY\">Syria<\/option><option value=\"SK\">Slovakia<\/option><option value=\"SI\">Slovenia<\/option><option value=\"SO\">Somalia<\/option><option value=\"ES\">Spain<\/option><option value=\"LK\">Sri Lanka<\/option><option value=\"FM\">Federated States of Micronesia<\/option><option value=\"US\">United States of America (USA)<\/option><option value=\"SD\">Sudan<\/option><option value=\"SS\">South Sudan<\/option><option value=\"SE\">Sweden<\/option><option value=\"SR\">Suriname<\/option><option value=\"SJ\">Svalbard and Jan Mayen<\/option><option value=\"TJ\">Tajikistan<\/option><option value=\"TW\">Taiwan<\/option><option value=\"TZ\">Tanzania<\/option><option value=\"TF\">French Southern and Antarctic Territories<\/option><option value=\"PS\">Palestinian Territories<\/option><option value=\"IO\">British Indian Ocean Territory<\/option><option value=\"TH\">Thailand<\/option><option value=\"TL\">East Timor<\/option><option value=\"TG\">Togo<\/option><option value=\"TK\">Tokelau<\/option><option value=\"TO\">Tonga<\/option><option value=\"TT\">Trinidad and Tobago<\/option><option value=\"TN\">Tunisia<\/option><option value=\"TR\">Turkey<\/option><option value=\"TM\">Turkmenistan<\/option><option value=\"TV\">Tuvalu<\/option><option value=\"NL\">Netherlands<\/option><option value=\"UA\">Ukraine<\/option><option value=\"UG\">Uganda<\/option><option value=\"HU\">Hungary<\/option><option value=\"UY\">Uruguay<\/option><option value=\"UZ\">Uzbekistan<\/option><option value=\"VU\">Vanuatu<\/option><option value=\"VA\">Vatican<\/option><option value=\"VE\">Venezuela<\/option><option value=\"VN\">Vietnam<\/option><option value=\"WF\">Wallis and Futuna<\/option><option value=\"YE\">Yemen<\/option><option value=\"ZM\">Zambia<\/option><option value=\"ZW\">Zimbabwe<\/option><\/select>\n\t\t\t<\/p>\n<p id=\"calc_shipping_state_field\">\n\t\t\t\t\t\t<label for=\"calc_shipping_state\">County\/province\/state<\/label><br \/>\n\t\t\t\t\t\t<select name=\"calc_shipping_state\" id=\"calc_shipping_state\"><option value=\"\">Select an option...<\/option><option value=\"AB\" >Alba<\/option><option value=\"AR\" >Arad<\/option><option value=\"AG\"  selected='selected'>Arge\u0219<\/option><option value=\"BC\" >Bac\u0103u<\/option><option value=\"BH\" >Bihor<\/option><option value=\"BN\" >Bistri\u021ba-N\u0103s\u0103ud<\/option><option value=\"BT\" >Boto\u0219ani<\/option><option value=\"BR\" >Br\u0103ila<\/option><option value=\"BV\" >Brasov<\/option><option value=\"B\" >Bucharest<\/option><option value=\"BZ\" >Buz\u0103u<\/option><option value=\"CL\" >C\u0103l\u0103ra\u0219i<\/option><option value=\"CS\" >Cara\u0219-Severin<\/option><option value=\"CJ\" >Cluj<\/option><option value=\"CT\" >Constan\u021ba<\/option><option value=\"CV\" >Covasna<\/option><option value=\"DB\" >D\u00e2mbovi\u021ba<\/option><option value=\"DJ\" >Dolj<\/option><option value=\"GL\" >Galati<\/option><option value=\"GR\" >Giurgiu<\/option><option value=\"GJ\" >Gorj<\/option><option value=\"HR\" >Harghita<\/option><option value=\"HD\" >Hunedoara<\/option><option value=\"IL\" >Ialomita<\/option><option value=\"IS\" >Ia\u0219i<\/option><option value=\"IF\" >Ilfov<\/option><option value=\"MM\" >Maramure\u0219<\/option><option value=\"MH\" >Mehedin\u021bi<\/option><option value=\"MS\" >Mures<\/option><option value=\"NT\" >Neam\u021b<\/option><option value=\"OT\" >Olt<\/option><option value=\"PH\" >Prahova<\/option><option value=\"SJ\" >S\u0103laj<\/option><option value=\"SM\" >Satu Mare<\/option><option value=\"SB\" >Sibiu<\/option><option value=\"SV\" >Suceava<\/option><option value=\"TR\" >Teleorman<\/option><option value=\"TM\" >Timi\u0219<\/option><option value=\"TL\" >Tulcea<\/option><option value=\"VL\" >V\u00e2lcea<\/option><option value=\"VS\" >Vaslui<\/option><option value=\"VN\" >Vrancea<\/option><\/select>\n\t\t\t\t\t\t\t\t<\/p>\n<p id=\"calc_shipping_city_field\">\n\t\t\t\t<label for=\"calc_shipping_city\">Location:<\/label><br \/>\n\t\t\t\t<input type=\"text\" value=\"Curtea de Arge\u0219\" name=\"calc_shipping_city\" id=\"calc_shipping_city\" \/>\n\t\t\t<\/p>\n<p id=\"calc_shipping_postcode_field\">\n\t\t\t\t<label for=\"calc_shipping_postcode\">Postal\/ZIP code:<\/label><br \/>\n\t\t\t\t<input type=\"text\" value=\"115300\" name=\"calc_shipping_postcode\" id=\"calc_shipping_postcode\" \/>\n\t\t\t<\/p>\n<p><button type=\"submit\" name=\"calc_shipping\" value=\"1\">Update<\/button><\/p>\n<p>\t\t<input type=\"hidden\" id=\"woocommerce-shipping-calculator-nonce\" name=\"woocommerce-shipping-calculator-nonce\" value=\"36d92749a1\" \/><input type=\"hidden\" name=\"_wp_http_referer\" value=\"\/wp-admin\/admin-ajax.php\" \/>\t<\/section>\n<input type=\"hidden\" name=\"trp-form-language\" value=\"en\"\/><\/form>\n<\/td>\n<\/tr>\n<tr>\n<th>Total<\/th>\n<td data-title=\"Total\"><strong><bdi>3.995,00 lei<\/bdi><\/strong> <small>(includes 637,86 lei estimated VAT for Romania)<\/small><\/td>\n<\/tr>\n<\/table>\n<p><a href=\"https:\/\/www.traser.ro\/en\/finalize-order\/\"><br \/>\n\tFinalize your order<\/a><br \/>\n\t\t\t\t\t\t\t\t\t<!--close cart-totals--><br \/>\n\t\t\t\t\t\t\t\t\t<!--close column-inner--><br \/>\n\t\t\t\t\t\t\t<!--close column-2--><br \/>\n\t\t\t\t\t\t<!--close container--><\/p>","protected":false},"excerpt":{"rendered":"<p>\u00cenl\u0103tur\u0103 produsul Imagine miniatur\u0103 Produs Pre\u021b Cantitate Sub-total &times; P67 Diver T100 Albastru 3.995,00&nbsp;lei Cantitate P67 Diver T100 Albastru 3.995,00&nbsp;lei Actualizeaz\u0103 co\u0219ul Aplic\u0103 cuponul Total Sub-total 3.995,00&nbsp;lei Livrare Introdu adresa pentru a vedea op\u021biunile de livrare. Calculeaz\u0103 livrarea \u021aar\u0103\/regiune Selecteaz\u0103 o \u021bar\u0103\/regiune&#8230;AfganistanAfrica de SudAlbaniaAlgeriaAndorraAngolaAnguillaAntarcticaAntigua \u0219i BarbudaArabia Saudit\u0103ArgentinaArmeniaArubaAustraliaAustriaAzerbaidjanBahamasBahrainBangladeshBarbadosBelarusBelauBelgiaBelizeBeninBermudaBhutanBoliviaBonaire, Saint Eustatius \u0219i SabaBosnia \u0219i Her\u021begovinaBotswanaBraziliaBruneiBulgariaBurkina FasoBurundiCabo VerdeCambodgiaCamerunCanadaCehiaChileChinaCiadCipruCoasta [&hellip;]<\/p>","protected":false},"author":2,"featured_media":0,"parent":0,"menu_order":0,"comment_status":"closed","ping_status":"closed","template":"","meta":{"footnotes":""},"class_list":["post-1744","page","type-page","status-publish","hentry"],"_links":{"self":[{"href":"https:\/\/www.traser.ro\/en\/wp-json\/wp\/v2\/pages\/1744","targetHints":{"allow":["GET"]}}],"collection":[{"href":"https:\/\/www.traser.ro\/en\/wp-json\/wp\/v2\/pages"}],"about":[{"href":"https:\/\/www.traser.ro\/en\/wp-json\/wp\/v2\/types\/page"}],"author":[{"embeddable":true,"href":"https:\/\/www.traser.ro\/en\/wp-json\/wp\/v2\/users\/2"}],"replies":[{"embeddable":true,"href":"https:\/\/www.traser.ro\/en\/wp-json\/wp\/v2\/comments?post=1744"}],"version-history":[{"count":1,"href":"https:\/\/www.traser.ro\/en\/wp-json\/wp\/v2\/pages\/1744\/revisions"}],"predecessor-version":[{"id":1745,"href":"https:\/\/www.traser.ro\/en\/wp-json\/wp\/v2\/pages\/1744\/revisions\/1745"}],"wp:attachment":[{"href":"https:\/\/www.traser.ro\/en\/wp-json\/wp\/v2\/media?parent=1744"}],"curies":[{"name":"wp","href":"https:\/\/api.w.org\/{rel}","templated":true}]}}