{"id":1384,"date":"2025-04-06T15:14:39","date_gmt":"2025-04-06T15:14:39","guid":{"rendered":"https:\/\/traser.ro\/?page_id=1384"},"modified":"2025-04-06T15:16:39","modified_gmt":"2025-04-06T15:16:39","slug":"returneaza-un-produs","status":"publish","type":"page","link":"https:\/\/www.traser.ro\/en\/return-a-product\/","title":{"rendered":"Return a product"},"content":{"rendered":"<div data-elementor-type=\"wp-page\" data-elementor-id=\"1384\" class=\"elementor elementor-1384\" data-elementor-post-type=\"page\">\n\t\t\t\t<div class=\"elementor-element elementor-element-eaff7cf e-flex e-con-boxed e-con e-parent\" data-id=\"eaff7cf\" data-element_type=\"container\" data-e-type=\"container\">\n\t\t\t\t\t<div class=\"e-con-inner\">\n\t\t\t\t<div class=\"elementor-element elementor-element-72588f1 elementor-widget elementor-widget-heading\" data-id=\"72588f1\" data-element_type=\"widget\" data-e-type=\"widget\" data-widget_type=\"heading.default\">\n\t\t\t\t<div class=\"elementor-widget-container\">\n\t\t\t\t\t<h2 class=\"elementor-heading-title elementor-size-default\">Return a product<\/h2>\t\t\t\t<\/div>\n\t\t\t\t<\/div>\n\t\t\t\t<div class=\"elementor-element elementor-element-c251b2e elementor-widget elementor-widget-text-editor\" data-id=\"c251b2e\" data-element_type=\"widget\" data-e-type=\"widget\" data-widget_type=\"text-editor.default\">\n\t\t\t\t<div class=\"elementor-widget-container\">\n\t\t\t\t\t\t\t\t\t<p class=\"\" data-start=\"183\" data-end=\"348\">We want every experience with Traser Romania to be flawless. If, however, the product you ordered does not meet your expectations, you can return it simply and quickly.<\/p><h3 class=\"\" data-start=\"350\" data-end=\"378\">How to return a product?<\/h3><ol data-start=\"380\" data-end=\"779\"><li class=\"\" data-start=\"380\" data-end=\"589\"><p class=\"\" data-start=\"383\" data-end=\"589\"><strong data-start=\"383\" data-end=\"423\">Contact us before any step.<\/strong><br data-start=\"423\" data-end=\"426\" \/>Send an e-mail to <a href=\"mailto:office@traser.ro\">office@traser.ro<\/a> with the order number and the reason for return. We will get back to you with all the necessary details, including the return form.<\/p><\/li><li class=\"\" data-start=\"591\" data-end=\"748\"><p class=\"\" data-start=\"594\" data-end=\"748\"><strong data-start=\"594\" data-end=\"617\">Prepare the parcel.<\/strong><br data-start=\"617\" data-end=\"620\" \/>Once we receive your request, please pack the product securely and include the completed returns form.<\/p><\/li><li class=\"\" data-start=\"750\" data-end=\"779\"><p class=\"\" data-start=\"753\" data-end=\"779\"><strong data-start=\"753\" data-end=\"779\">Send the parcel to:<\/strong><\/p><\/li><\/ol><p class=\"\" data-start=\"781\" data-end=\"927\"><strong data-start=\"781\" data-end=\"814\">RAVICA TRADE &amp; MANAGEMENT SRL<\/strong><br data-start=\"814\" data-end=\"817\" \/>Bucharest, Sector 4, Bd. Alexandru Obregia nr. 26,<br data-start=\"867\" data-end=\"870\" \/>Block R3, Sc. B, Et. 3, Ap. 59, Postal code 041739, Romania<\/p><blockquote data-start=\"929\" data-end=\"994\"><p class=\"\" data-start=\"931\" data-end=\"994\"><em>* Return transportation costs are borne by the customer.<\/em><\/p><\/blockquote><h3 class=\"\" data-start=\"996\" data-end=\"1013\">Deadline<\/h3><p class=\"\" data-start=\"1015\" data-end=\"1116\">Returns are accepted within <strong data-start=\"1050\" data-end=\"1084\">maximum 14 calendar days<\/strong> from the date of receipt of the product.<\/p><hr class=\"\" data-start=\"1118\" data-end=\"1121\" \/><p class=\"\" data-start=\"1123\" data-end=\"1231\">\ud83d\udce9 <strong data-start=\"1126\" data-end=\"1154\">Contact for returns:<\/strong><br data-start=\"1154\" data-end=\"1157\" \/><a href=\"mailto:office@traser.ro\">office@traser.ro<\/a><br data-start=\"1175\" data-end=\"1178\" \/>We respond promptly and give you all the support you need.<\/p>\t\t\t\t\t\t\t\t<\/div>\n\t\t\t\t<\/div>\n\t\t\t\t\t<\/div>\n\t\t\t\t<\/div>\n\t\t\t\t<\/div>","protected":false},"excerpt":{"rendered":"<p>Returneaz\u0103 un produs Ne dorim ca fiecare experien\u021b\u0103 cu Traser Rom\u00e2nia s\u0103 fie impecabil\u0103. Dac\u0103, totu\u0219i, produsul comandat nu corespunde a\u0219tept\u0103rilor tale, \u00eel po\u021bi returna simplu \u0219i rapid. Cum returnezi un produs? Contacteaz\u0103-ne \u00eenainte de orice pas.Trimite un e-mail la office@traser.ro cu num\u0103rul comenzii \u0219i motivul returului. \u00ce\u021bi vom r\u0103spunde cu toate detaliile necesare, inclusiv [&hellip;]<\/p>","protected":false},"author":1,"featured_media":0,"parent":0,"menu_order":0,"comment_status":"closed","ping_status":"closed","template":"","meta":{"footnotes":""},"class_list":["post-1384","page","type-page","status-publish","hentry"],"_links":{"self":[{"href":"https:\/\/www.traser.ro\/en\/wp-json\/wp\/v2\/pages\/1384","targetHints":{"allow":["GET"]}}],"collection":[{"href":"https:\/\/www.traser.ro\/en\/wp-json\/wp\/v2\/pages"}],"about":[{"href":"https:\/\/www.traser.ro\/en\/wp-json\/wp\/v2\/types\/page"}],"author":[{"embeddable":true,"href":"https:\/\/www.traser.ro\/en\/wp-json\/wp\/v2\/users\/1"}],"replies":[{"embeddable":true,"href":"https:\/\/www.traser.ro\/en\/wp-json\/wp\/v2\/comments?post=1384"}],"version-history":[{"count":4,"href":"https:\/\/www.traser.ro\/en\/wp-json\/wp\/v2\/pages\/1384\/revisions"}],"predecessor-version":[{"id":1391,"href":"https:\/\/www.traser.ro\/en\/wp-json\/wp\/v2\/pages\/1384\/revisions\/1391"}],"wp:attachment":[{"href":"https:\/\/www.traser.ro\/en\/wp-json\/wp\/v2\/media?parent=1384"}],"curies":[{"name":"wp","href":"https:\/\/api.w.org\/{rel}","templated":true}]}}